{"id":3255,"date":"2025-09-09T09:14:27","date_gmt":"2025-09-09T07:14:27","guid":{"rendered":"https:\/\/www.landeserntedankfest-sachsen.de\/hoyerswerda\/?page_id=3255"},"modified":"2026-02-22T14:32:45","modified_gmt":"2026-02-22T13:32:45","slug":"presse","status":"publish","type":"page","link":"https:\/\/www.landeserntedankfest-sachsen.de\/hoyerswerda\/presse\/","title":{"rendered":"Presse"},"content":{"rendered":"\t\t<div data-elementor-type=\"wp-page\" data-elementor-id=\"3255\" class=\"elementor elementor-3255\" data-elementor-post-type=\"page\">\n\t\t\t\t<div class=\"elementor-element elementor-element-de66bad e-flex e-con-boxed e-con e-parent\" data-id=\"de66bad\" data-element_type=\"container\" data-e-type=\"container\">\n\t\t\t\t\t<div class=\"e-con-inner\">\n\t\t\t\t<div class=\"elementor-element elementor-element-4e860aa elementor-widget elementor-widget-heading\" data-id=\"4e860aa\" data-element_type=\"widget\" data-e-type=\"widget\" data-widget_type=\"heading.default\">\n\t\t\t\t<div class=\"elementor-widget-container\">\n\t\t\t\t\t<h1 class=\"elementor-heading-title elementor-size-default\"><span>Pressemitteilungen und Pressekontakte<\/span><\/h1>\t\t\t\t<\/div>\n\t\t\t\t<\/div>\n\t\t\t\t\t<\/div>\n\t\t\t\t<\/div>\n\t\t<div class=\"elementor-element elementor-element-6edf9d6 e-flex e-con-boxed e-con e-parent\" data-id=\"6edf9d6\" data-element_type=\"container\" data-e-type=\"container\">\n\t\t\t\t\t<div class=\"e-con-inner\">\n\t\t\t\t<div class=\"elementor-element elementor-element-d2ddefc elementor-widget elementor-widget-text-editor\" data-id=\"d2ddefc\" data-element_type=\"widget\" data-e-type=\"widget\" data-widget_type=\"text-editor.default\">\n\t\t\t\t<div class=\"elementor-widget-container\">\n\t\t\t\t\t\t\t\t\t<h2><strong><span style=\"color: #333333;\">Pressemitteilungen<\/span><\/strong><\/h2><p><a href=\"https:\/\/www.landeserntedankfest-sachsen.de\/hoyerswerda\/wp-content\/uploads\/2025\/09\/PM_Hoyerswerda-laedt-zum-grossen-Festwochenende-ein-1.pdf\" target=\"_blank\" rel=\"noopener\">&gt;&gt; S\u00e4chsisches Landeserntedankfest 2025: Hoyerswerda l\u00e4dt zum gro\u00dfen Festwochenende ein (11.09.2025 &#8211; PDF)<\/a><\/p><p>\u00a0<\/p><p><a href=\"https:\/\/www.landeserntedankfest-sachsen.de\/hoyerswerda\/wp-content\/uploads\/2025\/09\/PM_Sonderfahrplan-Landeserntedankfest-2025.pdf\" target=\"_blank\" rel=\"noopener\">&gt;&gt; Sonderfahrplan der Verkehrsgesellschaft Hoyerswerda mbH zum Landeserntedankfest 2025 (08.09.2025 &#8211; PDF)<\/a><\/p><p>\u00a0<\/p><p><a href=\"https:\/\/www.landeserntedankfest-sachsen.de\/hoyerswerda\/wp-content\/uploads\/2025\/09\/PM_Besucherparkplaetze-zum-Landeserntedankfest.pdf\" target=\"_blank\" rel=\"noopener\"><strong>&gt;&gt; <\/strong>Besucherparkpl\u00e4tze zum Landeserntedankfest (09.09.2025 &#8211; PDF)<\/a><\/p><p>\u00a0<\/p><p><a href=\"https:\/\/www.landeserntedankfest-sachsen.de\/hoyerswerda\/wp-content\/uploads\/2025\/09\/PM_VE-Saechsisches-Landeserntedankfest.pdf\" target=\"_blank\" rel=\"noopener\"><strong>&gt;&gt; <\/strong>Verkehrseinschr\u00e4nkungen zum Landeserntedankfest (03.09.2025 &#8211; PDF)<\/a><\/p><p>\u00a0<\/p><p><a href=\"https:\/\/www.landeserntedankfest-sachsen.de\/hoyerswerda\/wp-content\/uploads\/2025\/09\/PM_VE-Festumzug-zum-Landeserntedankfest-.pdf\" target=\"_blank\" rel=\"noopener\"><strong>&gt;&gt; <\/strong>Verkehrseinschr\u00e4nkungen Festumzug zum Landeserntedankfest am 14.09.2025 (03.09.2025 &#8211; PDF)<\/a><\/p><p>\u00a0<\/p><p><a href=\"https:\/\/www.landeserntedankfest-sachsen.de\/hoyerswerda\/wp-content\/uploads\/2025\/09\/PM_Vorgeschmack-auf-das-Landeserntedankfest.pdf\" target=\"_blank\" rel=\"noopener\">&gt;&gt; Vorgeschmack auf das Landeserntedankfest (20.05.2025 &#8211; PDF)<\/a><\/p><p>\u00a0<\/p><p><a href=\"https:\/\/www.landeserntedankfest-sachsen.de\/hoyerswerda\/wp-content\/uploads\/2025\/09\/Hoyerswerda_richtet_das_Landeserntedankfest_2025_aus-1.pdf\" target=\"_blank\" rel=\"noopener\">&gt;&gt; Hoyerswerda richtet das Landeserntedankfest 2025 aus (28.08.2024 &#8211; PDF)<\/a><\/p>\t\t\t\t\t\t\t\t<\/div>\n\t\t\t\t<\/div>\n\t\t\t\t<div class=\"elementor-element elementor-element-e27c239 elementor-widget elementor-widget-spacer\" data-id=\"e27c239\" data-element_type=\"widget\" data-e-type=\"widget\" data-widget_type=\"spacer.default\">\n\t\t\t\t<div class=\"elementor-widget-container\">\n\t\t\t\t\t\t\t<div class=\"elementor-spacer\">\n\t\t\t<div class=\"elementor-spacer-inner\"><\/div>\n\t\t<\/div>\n\t\t\t\t\t\t<\/div>\n\t\t\t\t<\/div>\n\t\t\t\t<div class=\"elementor-element elementor-element-cc80f91 elementor-widget elementor-widget-text-editor\" data-id=\"cc80f91\" data-element_type=\"widget\" data-e-type=\"widget\" data-widget_type=\"text-editor.default\">\n\t\t\t\t<div class=\"elementor-widget-container\">\n\t\t\t\t\t\t\t\t\t<h2><span style=\"color: #333333;\"><strong>Pressekontakte<\/strong><\/span><\/h2>\t\t\t\t\t\t\t\t<\/div>\n\t\t\t\t<\/div>\n\t\t\t\t\t<\/div>\n\t\t\t\t<\/div>\n\t\t<div class=\"elementor-element elementor-element-c457560 e-flex e-con-boxed e-con e-parent\" data-id=\"c457560\" data-element_type=\"container\" data-e-type=\"container\">\n\t\t\t\t\t<div class=\"e-con-inner\">\n\t\t<div class=\"elementor-element elementor-element-12eb585 e-con-full e-flex e-con e-child\" data-id=\"12eb585\" data-element_type=\"container\" data-e-type=\"container\">\n\t\t\t\t<div class=\"elementor-element elementor-element-9485eb4 elementor-widget elementor-widget-text-editor\" data-id=\"9485eb4\" data-element_type=\"widget\" data-e-type=\"widget\" data-widget_type=\"text-editor.default\">\n\t\t\t\t<div class=\"elementor-widget-container\">\n\t\t\t\t\t\t\t\t\t<h2 class=\"elementor-icon-box-title\"><span style=\"color: #333333;\">Lausitzhalle Hoyerswerda GmbH<\/span><\/h2><p class=\"elementor-icon-box-description\">Nico Th\u00e4le<br \/>Tel.: <a href=\"tel:03571 904118\">03571 904118<\/a><br \/>Mail: <a href=\"mailto:nico.thaele@lausitzhalle.de\">nico.thaele@lausitzhalle.de<\/a><\/p><p class=\"elementor-icon-box-description\">\u00a0<\/p>\t\t\t\t\t\t\t\t<\/div>\n\t\t\t\t<\/div>\n\t\t\t\t<\/div>\n\t\t\t\t<div class=\"elementor-element elementor-element-b608359 elementor-widget elementor-widget-text-editor\" data-id=\"b608359\" data-element_type=\"widget\" data-e-type=\"widget\" data-widget_type=\"text-editor.default\">\n\t\t\t\t<div class=\"elementor-widget-container\">\n\t\t\t\t\t\t\t\t\t<h2 class=\"elementor-icon-box-title\"><span style=\"color: #333333;\">Stadtverwaltung Hoyerswerda<\/span><\/h2><p class=\"elementor-icon-box-description\">Robert B\u00f6hme<\/p><p class=\"elementor-icon-box-description\">Tel.: <a href=\"tel:03571 456 903\">03571 456 903<\/a><br \/>Mail: <a href=\"mailto:robert.boehme@hoyerswerda-stadt.de\" target=\"_blank\" rel=\"noopener\">robert.boehme@hoyerswerda-stadt.de<\/a><\/p><p class=\"elementor-icon-box-description\">\u00a0<\/p>\t\t\t\t\t\t\t\t<\/div>\n\t\t\t\t<\/div>\n\t\t\t\t\t<\/div>\n\t\t\t\t<\/div>\n\t\t<div class=\"elementor-element elementor-element-2590a1b e-flex e-con-boxed e-con e-parent\" data-id=\"2590a1b\" data-element_type=\"container\" data-e-type=\"container\">\n\t\t\t\t\t<div class=\"e-con-inner\">\n\t\t\t\t<div class=\"elementor-element elementor-element-66c2543 elementor-widget elementor-widget-spacer\" data-id=\"66c2543\" data-element_type=\"widget\" data-e-type=\"widget\" data-widget_type=\"spacer.default\">\n\t\t\t\t<div class=\"elementor-widget-container\">\n\t\t\t\t\t\t\t<div class=\"elementor-spacer\">\n\t\t\t<div class=\"elementor-spacer-inner\"><\/div>\n\t\t<\/div>\n\t\t\t\t\t\t<\/div>\n\t\t\t\t<\/div>\n\t\t\t\t\t<\/div>\n\t\t\t\t<\/div>\n\t\t\t\t<\/div>\n\t\t","protected":false},"excerpt":{"rendered":"<p>Pressemitteilungen und Pressekontakte Pressemitteilungen &gt;&gt; S\u00e4chsisches Landeserntedankfest 2025: Hoyerswerda l\u00e4dt zum gro\u00dfen Festwochenende ein (11.09.2025 &#8211; PDF) \u00a0 &gt;&gt; Sonderfahrplan der Verkehrsgesellschaft Hoyerswerda mbH zum Landeserntedankfest 2025 (08.09.2025 &#8211; PDF) \u00a0 &gt;&gt; Besucherparkpl\u00e4tze zum Landeserntedankfest (09.09.2025 &#8211; PDF) \u00a0 &gt;&gt; Verkehrseinschr\u00e4nkungen zum Landeserntedankfest (03.09.2025 &#8211; PDF) \u00a0 &gt;&gt; Verkehrseinschr\u00e4nkungen Festumzug zum Landeserntedankfest am 14.09.2025 (03.09.2025 [&hellip;]<\/p>\n","protected":false},"author":3,"featured_media":0,"parent":0,"menu_order":0,"comment_status":"closed","ping_status":"closed","template":"elementor_header_footer","meta":{"_acf_changed":false,"footnotes":""},"class_list":["post-3255","page","type-page","status-publish","hentry"],"acf":[],"_links":{"self":[{"href":"https:\/\/www.landeserntedankfest-sachsen.de\/hoyerswerda\/wp-json\/wp\/v2\/pages\/3255","targetHints":{"allow":["GET"]}}],"collection":[{"href":"https:\/\/www.landeserntedankfest-sachsen.de\/hoyerswerda\/wp-json\/wp\/v2\/pages"}],"about":[{"href":"https:\/\/www.landeserntedankfest-sachsen.de\/hoyerswerda\/wp-json\/wp\/v2\/types\/page"}],"author":[{"embeddable":true,"href":"https:\/\/www.landeserntedankfest-sachsen.de\/hoyerswerda\/wp-json\/wp\/v2\/users\/3"}],"replies":[{"embeddable":true,"href":"https:\/\/www.landeserntedankfest-sachsen.de\/hoyerswerda\/wp-json\/wp\/v2\/comments?post=3255"}],"version-history":[{"count":8,"href":"https:\/\/www.landeserntedankfest-sachsen.de\/hoyerswerda\/wp-json\/wp\/v2\/pages\/3255\/revisions"}],"predecessor-version":[{"id":3481,"href":"https:\/\/www.landeserntedankfest-sachsen.de\/hoyerswerda\/wp-json\/wp\/v2\/pages\/3255\/revisions\/3481"}],"wp:attachment":[{"href":"https:\/\/www.landeserntedankfest-sachsen.de\/hoyerswerda\/wp-json\/wp\/v2\/media?parent=3255"}],"curies":[{"name":"wp","href":"https:\/\/api.w.org\/{rel}","templated":true}]}}