{"id":340,"date":"2025-06-06T10:35:48","date_gmt":"2025-06-06T08:35:48","guid":{"rendered":"https:\/\/www.landeserntedankfest-sachsen.de\/hoyerswerda\/?page_id=340"},"modified":"2025-08-08T14:28:53","modified_gmt":"2025-08-08T12:28:53","slug":"aktuelles","status":"publish","type":"page","link":"https:\/\/www.landeserntedankfest-sachsen.de\/hoyerswerda\/aktuelles\/","title":{"rendered":"Aktuelles"},"content":{"rendered":"\t\t<div data-elementor-type=\"wp-page\" data-elementor-id=\"340\" class=\"elementor elementor-340\" data-elementor-post-type=\"page\">\n\t\t\t\t<div class=\"elementor-element elementor-element-e937fd2 e-con-full e-flex e-con e-parent\" data-id=\"e937fd2\" data-element_type=\"container\" data-e-type=\"container\">\n\t\t<div class=\"elementor-element elementor-element-736b2b9 e-flex e-con-boxed e-con e-child\" data-id=\"736b2b9\" data-element_type=\"container\" data-e-type=\"container\">\n\t\t\t\t\t<div class=\"e-con-inner\">\n\t\t\t\t<div class=\"elementor-element elementor-element-738c5ee elementor-widget elementor-widget-heading\" data-id=\"738c5ee\" data-element_type=\"widget\" data-e-type=\"widget\" data-widget_type=\"heading.default\">\n\t\t\t\t<div class=\"elementor-widget-container\">\n\t\t\t\t\t<h1 class=\"elementor-heading-title elementor-size-default\">Aktuelles<\/h1>\t\t\t\t<\/div>\n\t\t\t\t<\/div>\n\t\t\t\t<div class=\"elementor-element elementor-element-24cbf95 elementor-posts--align-left elementor-grid-3 elementor-grid-tablet-2 elementor-grid-mobile-1 elementor-posts--thumbnail-top load-more-align-center elementor-widget elementor-widget-posts\" data-id=\"24cbf95\" data-element_type=\"widget\" data-e-type=\"widget\" data-settings=\"{&quot;pagination_type&quot;:&quot;load_more_on_click&quot;,&quot;classic_columns&quot;:&quot;3&quot;,&quot;classic_columns_tablet&quot;:&quot;2&quot;,&quot;classic_columns_mobile&quot;:&quot;1&quot;,&quot;classic_row_gap&quot;:{&quot;unit&quot;:&quot;px&quot;,&quot;size&quot;:35,&quot;sizes&quot;:[]},&quot;classic_row_gap_tablet&quot;:{&quot;unit&quot;:&quot;px&quot;,&quot;size&quot;:&quot;&quot;,&quot;sizes&quot;:[]},&quot;classic_row_gap_mobile&quot;:{&quot;unit&quot;:&quot;px&quot;,&quot;size&quot;:&quot;&quot;,&quot;sizes&quot;:[]},&quot;load_more_spinner&quot;:{&quot;value&quot;:&quot;fas fa-spinner&quot;,&quot;library&quot;:&quot;fa-solid&quot;}}\" data-widget_type=\"posts.classic\">\n\t\t\t\t<div class=\"elementor-widget-container\">\n\t\t\t\t\t\t\t<div class=\"elementor-posts-container elementor-posts elementor-posts--skin-classic elementor-grid\" role=\"list\">\n\t\t\t\t<article class=\"elementor-post elementor-grid-item post-3396 post type-post status-publish format-standard has-post-thumbnail hentry category-allgemein\" role=\"listitem\">\n\t\t\t\t<a class=\"elementor-post__thumbnail__link\" href=\"https:\/\/www.landeserntedankfest-sachsen.de\/hoyerswerda\/blog\/2025\/09\/18\/tradition-vielfalt-und-engagement-rueckblick-auf-das-landeserntedankfest-in-hoyerswerda\/\" tabindex=\"-1\" >\n\t\t\t<div class=\"elementor-post__thumbnail\"><img fetchpriority=\"high\" decoding=\"async\" width=\"819\" height=\"1024\" src=\"https:\/\/www.landeserntedankfest-sachsen.de\/hoyerswerda\/wp-content\/uploads\/sites\/7\/2025\/09\/LEDF_Eroeffnung-8300-819x1024.jpg\" class=\"attachment-large size-large wp-image-3368\" alt=\"\" srcset=\"https:\/\/www.landeserntedankfest-sachsen.de\/hoyerswerda\/wp-content\/uploads\/sites\/7\/2025\/09\/LEDF_Eroeffnung-8300-819x1024.jpg 819w, https:\/\/www.landeserntedankfest-sachsen.de\/hoyerswerda\/wp-content\/uploads\/sites\/7\/2025\/09\/LEDF_Eroeffnung-8300-240x300.jpg 240w, https:\/\/www.landeserntedankfest-sachsen.de\/hoyerswerda\/wp-content\/uploads\/sites\/7\/2025\/09\/LEDF_Eroeffnung-8300-768x960.jpg 768w, https:\/\/www.landeserntedankfest-sachsen.de\/hoyerswerda\/wp-content\/uploads\/sites\/7\/2025\/09\/LEDF_Eroeffnung-8300-1229x1536.jpg 1229w, https:\/\/www.landeserntedankfest-sachsen.de\/hoyerswerda\/wp-content\/uploads\/sites\/7\/2025\/09\/LEDF_Eroeffnung-8300-1638x2048.jpg 1638w, https:\/\/www.landeserntedankfest-sachsen.de\/hoyerswerda\/wp-content\/uploads\/sites\/7\/2025\/09\/LEDF_Eroeffnung-8300.jpg 2048w\" sizes=\"(max-width: 819px) 100vw, 819px\" \/><\/div>\n\t\t<\/a>\n\t\t\t\t<div class=\"elementor-post__text\">\n\t\t\t\t<h1 class=\"elementor-post__title\">\n\t\t\t<a href=\"https:\/\/www.landeserntedankfest-sachsen.de\/hoyerswerda\/blog\/2025\/09\/18\/tradition-vielfalt-und-engagement-rueckblick-auf-das-landeserntedankfest-in-hoyerswerda\/\" >\n\t\t\t\tTradition, Vielfalt und Engagement: R\u00fcckblick auf das Landeserntedankfest in Hoyerswerda\t\t\t<\/a>\n\t\t<\/h1>\n\t\t\t\t<div class=\"elementor-post__meta-data\">\n\t\t\t\t\t<span class=\"elementor-post-date\">\n\t\t\t18. September 2025\t\t<\/span>\n\t\t\t\t<\/div>\n\t\t\t\t\t<div class=\"elementor-post__read-more-wrapper\">\n\t\t\n\t\t<a class=\"elementor-post__read-more\" href=\"https:\/\/www.landeserntedankfest-sachsen.de\/hoyerswerda\/blog\/2025\/09\/18\/tradition-vielfalt-und-engagement-rueckblick-auf-das-landeserntedankfest-in-hoyerswerda\/\" aria-label=\"Mehr \u00fcber Tradition, Vielfalt und Engagement: R\u00fcckblick auf das Landeserntedankfest in Hoyerswerda\" tabindex=\"-1\" >\n\t\t\tWeiterlesen \u00bb\t\t<\/a>\n\n\t\t\t\t\t<\/div>\n\t\t\t\t<\/div>\n\t\t\t\t<\/article>\n\t\t\t\t<article class=\"elementor-post elementor-grid-item post-3345 post type-post status-publish format-standard has-post-thumbnail hentry category-allgemein\" role=\"listitem\">\n\t\t\t\t<a class=\"elementor-post__thumbnail__link\" href=\"https:\/\/www.landeserntedankfest-sachsen.de\/hoyerswerda\/blog\/2025\/09\/10\/das-festprogramm-zum-saechsischen-landeserntedankfest-ist-da\/\" tabindex=\"-1\" >\n\t\t\t<div class=\"elementor-post__thumbnail\"><img decoding=\"async\" width=\"512\" height=\"1024\" src=\"https:\/\/www.landeserntedankfest-sachsen.de\/hoyerswerda\/wp-content\/uploads\/sites\/7\/2025\/09\/Progammheft_LEDF_DIN-Lang_Web_Seite_01-512x1024.jpg\" class=\"attachment-large size-large wp-image-3346\" alt=\"\" srcset=\"https:\/\/www.landeserntedankfest-sachsen.de\/hoyerswerda\/wp-content\/uploads\/sites\/7\/2025\/09\/Progammheft_LEDF_DIN-Lang_Web_Seite_01-512x1024.jpg 512w, https:\/\/www.landeserntedankfest-sachsen.de\/hoyerswerda\/wp-content\/uploads\/sites\/7\/2025\/09\/Progammheft_LEDF_DIN-Lang_Web_Seite_01-150x300.jpg 150w, https:\/\/www.landeserntedankfest-sachsen.de\/hoyerswerda\/wp-content\/uploads\/sites\/7\/2025\/09\/Progammheft_LEDF_DIN-Lang_Web_Seite_01-768x1536.jpg 768w, https:\/\/www.landeserntedankfest-sachsen.de\/hoyerswerda\/wp-content\/uploads\/sites\/7\/2025\/09\/Progammheft_LEDF_DIN-Lang_Web_Seite_01-1024x2048.jpg 1024w, https:\/\/www.landeserntedankfest-sachsen.de\/hoyerswerda\/wp-content\/uploads\/sites\/7\/2025\/09\/Progammheft_LEDF_DIN-Lang_Web_Seite_01.jpg 1280w\" sizes=\"(max-width: 512px) 100vw, 512px\" \/><\/div>\n\t\t<\/a>\n\t\t\t\t<div class=\"elementor-post__text\">\n\t\t\t\t<h1 class=\"elementor-post__title\">\n\t\t\t<a href=\"https:\/\/www.landeserntedankfest-sachsen.de\/hoyerswerda\/blog\/2025\/09\/10\/das-festprogramm-zum-saechsischen-landeserntedankfest-ist-da\/\" >\n\t\t\t\tDas Festprogramm zum S\u00e4chsischen Landeserntedankfest ist da!\t\t\t<\/a>\n\t\t<\/h1>\n\t\t\t\t<div class=\"elementor-post__meta-data\">\n\t\t\t\t\t<span class=\"elementor-post-date\">\n\t\t\t10. September 2025\t\t<\/span>\n\t\t\t\t<\/div>\n\t\t\t\t\t<div class=\"elementor-post__read-more-wrapper\">\n\t\t\n\t\t<a class=\"elementor-post__read-more\" href=\"https:\/\/www.landeserntedankfest-sachsen.de\/hoyerswerda\/blog\/2025\/09\/10\/das-festprogramm-zum-saechsischen-landeserntedankfest-ist-da\/\" aria-label=\"Mehr \u00fcber Das Festprogramm zum S\u00e4chsischen Landeserntedankfest ist da!\" tabindex=\"-1\" >\n\t\t\tWeiterlesen \u00bb\t\t<\/a>\n\n\t\t\t\t\t<\/div>\n\t\t\t\t<\/div>\n\t\t\t\t<\/article>\n\t\t\t\t<article class=\"elementor-post elementor-grid-item post-3135 post type-post status-publish format-standard has-post-thumbnail hentry category-allgemein\" role=\"listitem\">\n\t\t\t\t<a class=\"elementor-post__thumbnail__link\" href=\"https:\/\/www.landeserntedankfest-sachsen.de\/hoyerswerda\/blog\/2025\/09\/04\/mit-dem-bus-zwischen-veranstaltungsorten-und-parkplaetzen-pendeln\/\" tabindex=\"-1\" >\n\t\t\t<div class=\"elementor-post__thumbnail\"><img decoding=\"async\" width=\"1024\" height=\"577\" src=\"https:\/\/www.landeserntedankfest-sachsen.de\/hoyerswerda\/wp-content\/uploads\/sites\/7\/2025\/09\/20230419_132051_2000px_BUS-VGH-1024x577.jpg\" class=\"attachment-large size-large wp-image-3136\" alt=\"\" srcset=\"https:\/\/www.landeserntedankfest-sachsen.de\/hoyerswerda\/wp-content\/uploads\/sites\/7\/2025\/09\/20230419_132051_2000px_BUS-VGH-1024x577.jpg 1024w, https:\/\/www.landeserntedankfest-sachsen.de\/hoyerswerda\/wp-content\/uploads\/sites\/7\/2025\/09\/20230419_132051_2000px_BUS-VGH-300x169.jpg 300w, https:\/\/www.landeserntedankfest-sachsen.de\/hoyerswerda\/wp-content\/uploads\/sites\/7\/2025\/09\/20230419_132051_2000px_BUS-VGH-768x432.jpg 768w, https:\/\/www.landeserntedankfest-sachsen.de\/hoyerswerda\/wp-content\/uploads\/sites\/7\/2025\/09\/20230419_132051_2000px_BUS-VGH-1536x865.jpg 1536w, https:\/\/www.landeserntedankfest-sachsen.de\/hoyerswerda\/wp-content\/uploads\/sites\/7\/2025\/09\/20230419_132051_2000px_BUS-VGH.jpg 2000w\" sizes=\"(max-width: 1024px) 100vw, 1024px\" \/><\/div>\n\t\t<\/a>\n\t\t\t\t<div class=\"elementor-post__text\">\n\t\t\t\t<h1 class=\"elementor-post__title\">\n\t\t\t<a href=\"https:\/\/www.landeserntedankfest-sachsen.de\/hoyerswerda\/blog\/2025\/09\/04\/mit-dem-bus-zwischen-veranstaltungsorten-und-parkplaetzen-pendeln\/\" >\n\t\t\t\tMit dem Bus zwischen Veranstaltungsorten und Parkpl\u00e4tzen pendeln\t\t\t<\/a>\n\t\t<\/h1>\n\t\t\t\t<div class=\"elementor-post__meta-data\">\n\t\t\t\t\t<span class=\"elementor-post-date\">\n\t\t\t4. September 2025\t\t<\/span>\n\t\t\t\t<\/div>\n\t\t\t\t\t<div class=\"elementor-post__read-more-wrapper\">\n\t\t\n\t\t<a class=\"elementor-post__read-more\" href=\"https:\/\/www.landeserntedankfest-sachsen.de\/hoyerswerda\/blog\/2025\/09\/04\/mit-dem-bus-zwischen-veranstaltungsorten-und-parkplaetzen-pendeln\/\" aria-label=\"Mehr \u00fcber Mit dem Bus zwischen Veranstaltungsorten und Parkpl\u00e4tzen pendeln\" tabindex=\"-1\" >\n\t\t\tWeiterlesen \u00bb\t\t<\/a>\n\n\t\t\t\t\t<\/div>\n\t\t\t\t<\/div>\n\t\t\t\t<\/article>\n\t\t\t\t<article class=\"elementor-post elementor-grid-item post-2920 post type-post status-publish format-standard has-post-thumbnail hentry category-allgemein\" role=\"listitem\">\n\t\t\t\t<a class=\"elementor-post__thumbnail__link\" href=\"https:\/\/www.landeserntedankfest-sachsen.de\/hoyerswerda\/blog\/2025\/09\/03\/verkehrseinschraenkungen-zum-grossen-festumzug-am-14-09-2025\/\" tabindex=\"-1\" >\n\t\t\t<div class=\"elementor-post__thumbnail\"><img loading=\"lazy\" decoding=\"async\" width=\"1024\" height=\"683\" src=\"https:\/\/www.landeserntedankfest-sachsen.de\/hoyerswerda\/wp-content\/uploads\/sites\/7\/2025\/09\/ChatGPT-Image-3.-Sept.-2025-12_45_30-1024x683.jpg\" class=\"attachment-large size-large wp-image-2921\" alt=\"\" srcset=\"https:\/\/www.landeserntedankfest-sachsen.de\/hoyerswerda\/wp-content\/uploads\/sites\/7\/2025\/09\/ChatGPT-Image-3.-Sept.-2025-12_45_30-1024x683.jpg 1024w, https:\/\/www.landeserntedankfest-sachsen.de\/hoyerswerda\/wp-content\/uploads\/sites\/7\/2025\/09\/ChatGPT-Image-3.-Sept.-2025-12_45_30-300x200.jpg 300w, https:\/\/www.landeserntedankfest-sachsen.de\/hoyerswerda\/wp-content\/uploads\/sites\/7\/2025\/09\/ChatGPT-Image-3.-Sept.-2025-12_45_30-768x512.jpg 768w, https:\/\/www.landeserntedankfest-sachsen.de\/hoyerswerda\/wp-content\/uploads\/sites\/7\/2025\/09\/ChatGPT-Image-3.-Sept.-2025-12_45_30.jpg 1536w\" sizes=\"(max-width: 1024px) 100vw, 1024px\" \/><\/div>\n\t\t<\/a>\n\t\t\t\t<div class=\"elementor-post__text\">\n\t\t\t\t<h1 class=\"elementor-post__title\">\n\t\t\t<a href=\"https:\/\/www.landeserntedankfest-sachsen.de\/hoyerswerda\/blog\/2025\/09\/03\/verkehrseinschraenkungen-zum-grossen-festumzug-am-14-09-2025\/\" >\n\t\t\t\tVerkehrseinschr\u00e4nkungen zum gro\u00dfen Festumzug am 14.09.2025\t\t\t<\/a>\n\t\t<\/h1>\n\t\t\t\t<div class=\"elementor-post__meta-data\">\n\t\t\t\t\t<span class=\"elementor-post-date\">\n\t\t\t3. September 2025\t\t<\/span>\n\t\t\t\t<\/div>\n\t\t\t\t\t<div class=\"elementor-post__read-more-wrapper\">\n\t\t\n\t\t<a class=\"elementor-post__read-more\" href=\"https:\/\/www.landeserntedankfest-sachsen.de\/hoyerswerda\/blog\/2025\/09\/03\/verkehrseinschraenkungen-zum-grossen-festumzug-am-14-09-2025\/\" aria-label=\"Mehr \u00fcber Verkehrseinschr\u00e4nkungen zum gro\u00dfen Festumzug am 14.09.2025\" tabindex=\"-1\" >\n\t\t\tWeiterlesen \u00bb\t\t<\/a>\n\n\t\t\t\t\t<\/div>\n\t\t\t\t<\/div>\n\t\t\t\t<\/article>\n\t\t\t\t<article class=\"elementor-post elementor-grid-item post-3130 post type-post status-publish format-standard has-post-thumbnail hentry category-allgemein\" role=\"listitem\">\n\t\t\t\t<a class=\"elementor-post__thumbnail__link\" href=\"https:\/\/www.landeserntedankfest-sachsen.de\/hoyerswerda\/blog\/2025\/09\/02\/verkehrseinschraenkungen-und-sperrungen-zum-landeserntedankfest\/\" tabindex=\"-1\" >\n\t\t\t<div class=\"elementor-post__thumbnail\"><img loading=\"lazy\" decoding=\"async\" width=\"1024\" height=\"683\" src=\"https:\/\/www.landeserntedankfest-sachsen.de\/hoyerswerda\/wp-content\/uploads\/sites\/7\/2025\/09\/ChatGPT-Image-4.-Sept.-2025-13_21_29-1024x683.jpg\" class=\"attachment-large size-large wp-image-3131\" alt=\"\" srcset=\"https:\/\/www.landeserntedankfest-sachsen.de\/hoyerswerda\/wp-content\/uploads\/sites\/7\/2025\/09\/ChatGPT-Image-4.-Sept.-2025-13_21_29-1024x683.jpg 1024w, https:\/\/www.landeserntedankfest-sachsen.de\/hoyerswerda\/wp-content\/uploads\/sites\/7\/2025\/09\/ChatGPT-Image-4.-Sept.-2025-13_21_29-300x200.jpg 300w, https:\/\/www.landeserntedankfest-sachsen.de\/hoyerswerda\/wp-content\/uploads\/sites\/7\/2025\/09\/ChatGPT-Image-4.-Sept.-2025-13_21_29-768x512.jpg 768w, https:\/\/www.landeserntedankfest-sachsen.de\/hoyerswerda\/wp-content\/uploads\/sites\/7\/2025\/09\/ChatGPT-Image-4.-Sept.-2025-13_21_29.jpg 1536w\" sizes=\"(max-width: 1024px) 100vw, 1024px\" \/><\/div>\n\t\t<\/a>\n\t\t\t\t<div class=\"elementor-post__text\">\n\t\t\t\t<h1 class=\"elementor-post__title\">\n\t\t\t<a href=\"https:\/\/www.landeserntedankfest-sachsen.de\/hoyerswerda\/blog\/2025\/09\/02\/verkehrseinschraenkungen-und-sperrungen-zum-landeserntedankfest\/\" >\n\t\t\t\tVerkehrseinschr\u00e4nkungen und Sperrungen zum Landeserntedankfest\t\t\t<\/a>\n\t\t<\/h1>\n\t\t\t\t<div class=\"elementor-post__meta-data\">\n\t\t\t\t\t<span class=\"elementor-post-date\">\n\t\t\t2. September 2025\t\t<\/span>\n\t\t\t\t<\/div>\n\t\t\t\t\t<div class=\"elementor-post__read-more-wrapper\">\n\t\t\n\t\t<a class=\"elementor-post__read-more\" href=\"https:\/\/www.landeserntedankfest-sachsen.de\/hoyerswerda\/blog\/2025\/09\/02\/verkehrseinschraenkungen-und-sperrungen-zum-landeserntedankfest\/\" aria-label=\"Mehr \u00fcber Verkehrseinschr\u00e4nkungen und Sperrungen zum Landeserntedankfest\" tabindex=\"-1\" >\n\t\t\tWeiterlesen \u00bb\t\t<\/a>\n\n\t\t\t\t\t<\/div>\n\t\t\t\t<\/div>\n\t\t\t\t<\/article>\n\t\t\t\t<article class=\"elementor-post elementor-grid-item post-2473 post type-post status-publish format-standard has-post-thumbnail hentry category-allgemein\" role=\"listitem\">\n\t\t\t\t<a class=\"elementor-post__thumbnail__link\" href=\"https:\/\/www.landeserntedankfest-sachsen.de\/hoyerswerda\/blog\/2025\/08\/27\/kreatives-extra-fuer-kinder-bastelspass-in-der-touristinformation-hoyerswerda\/\" tabindex=\"-1\" >\n\t\t\t<div class=\"elementor-post__thumbnail\"><img loading=\"lazy\" decoding=\"async\" width=\"1024\" height=\"1024\" src=\"https:\/\/www.landeserntedankfest-sachsen.de\/hoyerswerda\/wp-content\/uploads\/sites\/7\/2025\/08\/KI-Image-27.-Aug.-2025-09_25_46.jpg\" class=\"attachment-large size-large wp-image-2474\" alt=\"\" srcset=\"https:\/\/www.landeserntedankfest-sachsen.de\/hoyerswerda\/wp-content\/uploads\/sites\/7\/2025\/08\/KI-Image-27.-Aug.-2025-09_25_46.jpg 1024w, https:\/\/www.landeserntedankfest-sachsen.de\/hoyerswerda\/wp-content\/uploads\/sites\/7\/2025\/08\/KI-Image-27.-Aug.-2025-09_25_46-300x300.jpg 300w, https:\/\/www.landeserntedankfest-sachsen.de\/hoyerswerda\/wp-content\/uploads\/sites\/7\/2025\/08\/KI-Image-27.-Aug.-2025-09_25_46-150x150.jpg 150w, https:\/\/www.landeserntedankfest-sachsen.de\/hoyerswerda\/wp-content\/uploads\/sites\/7\/2025\/08\/KI-Image-27.-Aug.-2025-09_25_46-768x768.jpg 768w\" sizes=\"(max-width: 1024px) 100vw, 1024px\" \/><\/div>\n\t\t<\/a>\n\t\t\t\t<div class=\"elementor-post__text\">\n\t\t\t\t<h1 class=\"elementor-post__title\">\n\t\t\t<a href=\"https:\/\/www.landeserntedankfest-sachsen.de\/hoyerswerda\/blog\/2025\/08\/27\/kreatives-extra-fuer-kinder-bastelspass-in-der-touristinformation-hoyerswerda\/\" >\n\t\t\t\tKreatives Extra f\u00fcr Kinder: Bastelspa\u00df in der Touristinformation Hoyerswerda\t\t\t<\/a>\n\t\t<\/h1>\n\t\t\t\t<div class=\"elementor-post__meta-data\">\n\t\t\t\t\t<span class=\"elementor-post-date\">\n\t\t\t27. August 2025\t\t<\/span>\n\t\t\t\t<\/div>\n\t\t\t\t\t<div class=\"elementor-post__read-more-wrapper\">\n\t\t\n\t\t<a class=\"elementor-post__read-more\" href=\"https:\/\/www.landeserntedankfest-sachsen.de\/hoyerswerda\/blog\/2025\/08\/27\/kreatives-extra-fuer-kinder-bastelspass-in-der-touristinformation-hoyerswerda\/\" aria-label=\"Mehr \u00fcber Kreatives Extra f\u00fcr Kinder: Bastelspa\u00df in der Touristinformation Hoyerswerda\" tabindex=\"-1\" >\n\t\t\tWeiterlesen \u00bb\t\t<\/a>\n\n\t\t\t\t\t<\/div>\n\t\t\t\t<\/div>\n\t\t\t\t<\/article>\n\t\t\t\t<\/div>\n\t\t\t\t\t<span class=\"e-load-more-spinner\">\n\t\t\t\t<svg aria-hidden=\"true\" class=\"e-font-icon-svg e-fas-spinner\" viewBox=\"0 0 512 512\" xmlns=\"http:\/\/www.w3.org\/2000\/svg\"><path d=\"M304 48c0 26.51-21.49 48-48 48s-48-21.49-48-48 21.49-48 48-48 48 21.49 48 48zm-48 368c-26.51 0-48 21.49-48 48s21.49 48 48 48 48-21.49 48-48-21.49-48-48-48zm208-208c-26.51 0-48 21.49-48 48s21.49 48 48 48 48-21.49 48-48-21.49-48-48-48zM96 256c0-26.51-21.49-48-48-48S0 229.49 0 256s21.49 48 48 48 48-21.49 48-48zm12.922 99.078c-26.51 0-48 21.49-48 48s21.49 48 48 48 48-21.49 48-48c0-26.509-21.491-48-48-48zm294.156 0c-26.51 0-48 21.49-48 48s21.49 48 48 48 48-21.49 48-48c0-26.509-21.49-48-48-48zM108.922 60.922c-26.51 0-48 21.49-48 48s21.49 48 48 48 48-21.49 48-48-21.491-48-48-48z\"><\/path><\/svg>\t\t\t<\/span>\n\t\t\n\t\t\t\t<div class=\"e-load-more-anchor\" data-page=\"1\" data-max-page=\"5\" data-next-page=\"https:\/\/www.landeserntedankfest-sachsen.de\/hoyerswerda\/wp-json\/wp\/v2\/pages\/340\/seite\/2\/\"><\/div>\n\t\t\t\t<div class=\"elementor-button-wrapper\">\n\t\t\t<a class=\"elementor-button elementor-size-sm\" role=\"button\">\n\t\t\t\t\t\t<span class=\"elementor-button-content-wrapper\">\n\t\t\t\t\t\t\t\t\t<span class=\"elementor-button-text\">Mehr anzeigen<\/span>\n\t\t\t\t\t<\/span>\n\t\t\t\t\t<\/a>\n\t\t<\/div>\n\t\t\t\t<div class=\"e-load-more-message\"><\/div>\n\t\t\t\t\t\t<\/div>\n\t\t\t\t<\/div>\n\t\t\t\t\t<\/div>\n\t\t\t\t<\/div>\n\t\t\t\t<\/div>\n\t\t\t\t<\/div>\n\t\t","protected":false},"excerpt":{"rendered":"<p>Aktuelles<\/p>\n","protected":false},"author":2,"featured_media":0,"parent":0,"menu_order":0,"comment_status":"closed","ping_status":"closed","template":"elementor_header_footer","meta":{"_acf_changed":false,"footnotes":""},"class_list":["post-340","page","type-page","status-publish","hentry"],"acf":[],"_links":{"self":[{"href":"https:\/\/www.landeserntedankfest-sachsen.de\/hoyerswerda\/wp-json\/wp\/v2\/pages\/340","targetHints":{"allow":["GET"]}}],"collection":[{"href":"https:\/\/www.landeserntedankfest-sachsen.de\/hoyerswerda\/wp-json\/wp\/v2\/pages"}],"about":[{"href":"https:\/\/www.landeserntedankfest-sachsen.de\/hoyerswerda\/wp-json\/wp\/v2\/types\/page"}],"author":[{"embeddable":true,"href":"https:\/\/www.landeserntedankfest-sachsen.de\/hoyerswerda\/wp-json\/wp\/v2\/users\/2"}],"replies":[{"embeddable":true,"href":"https:\/\/www.landeserntedankfest-sachsen.de\/hoyerswerda\/wp-json\/wp\/v2\/comments?post=340"}],"version-history":[{"count":5,"href":"https:\/\/www.landeserntedankfest-sachsen.de\/hoyerswerda\/wp-json\/wp\/v2\/pages\/340\/revisions"}],"predecessor-version":[{"id":2269,"href":"https:\/\/www.landeserntedankfest-sachsen.de\/hoyerswerda\/wp-json\/wp\/v2\/pages\/340\/revisions\/2269"}],"wp:attachment":[{"href":"https:\/\/www.landeserntedankfest-sachsen.de\/hoyerswerda\/wp-json\/wp\/v2\/media?parent=340"}],"curies":[{"name":"wp","href":"https:\/\/api.w.org\/{rel}","templated":true}]}}